{"id":226,"date":"2024-06-19T10:30:43","date_gmt":"2024-06-19T10:30:43","guid":{"rendered":"https:\/\/metsapuhkemaja.ee\/home\/"},"modified":"2024-07-02T09:23:43","modified_gmt":"2024-07-02T09:23:43","slug":"home","status":"publish","type":"page","link":"https:\/\/metsapuhkemaja.ee\/en\/","title":{"rendered":"Home"},"content":{"rendered":"\n<div class=\"wp-block-cover alignfull\" style=\"min-height:100vh;aspect-ratio:unset;\"><span aria-hidden=\"true\" class=\"wp-block-cover__background has-black-background-color has-background-dim-0 has-background-dim\"><\/span><img loading=\"lazy\" decoding=\"async\" width=\"2560\" height=\"1708\" class=\"wp-block-cover__image-background wp-image-89\" alt=\"\" src=\"https:\/\/metsapuhkemaja.ee\/wp-content\/uploads\/2024\/06\/metsa_puhkemaja_Tahkurannas-scaled.jpg\" data-object-fit=\"cover\" srcset=\"https:\/\/metsapuhkemaja.ee\/wp-content\/uploads\/2024\/06\/metsa_puhkemaja_Tahkurannas-scaled.jpg 2560w, https:\/\/metsapuhkemaja.ee\/wp-content\/uploads\/2024\/06\/metsa_puhkemaja_Tahkurannas-300x200.jpg 300w, https:\/\/metsapuhkemaja.ee\/wp-content\/uploads\/2024\/06\/metsa_puhkemaja_Tahkurannas-1024x683.jpg 1024w, https:\/\/metsapuhkemaja.ee\/wp-content\/uploads\/2024\/06\/metsa_puhkemaja_Tahkurannas-768x512.jpg 768w, https:\/\/metsapuhkemaja.ee\/wp-content\/uploads\/2024\/06\/metsa_puhkemaja_Tahkurannas-1536x1025.jpg 1536w, https:\/\/metsapuhkemaja.ee\/wp-content\/uploads\/2024\/06\/metsa_puhkemaja_Tahkurannas-2048x1366.jpg 2048w, https:\/\/metsapuhkemaja.ee\/wp-content\/uploads\/2024\/06\/metsa_puhkemaja_Tahkurannas-1568x1046.jpg 1568w\" sizes=\"(max-width: 2560px) 100vw, 2560px\" \/><div class=\"wp-block-cover__inner-container is-layout-flow wp-block-cover-is-layout-flow\">\n<h1 class=\"wp-block-heading has-text-align-center\" style=\"font-size:50px;letter-spacing:1.5px\">WELCOME TO<br> METSA PUHKEMAJA!<\/h1>\n<\/div><\/div>\n\n\n        <div class=\"booking subpage\">\r\n        <div class=\"booking-content clearfix\">\r\n            <div class=\"booking-block\">\r\n                <span>Arrival<\/span>\r\n                <input type=\"text\" id=\"checkin\" class=\"bdatepicker\" title=\"Arrival\">\r\n                <span class=\"checkin-month\"><\/span>\r\n            <\/div>\r\n            <div class=\"booking-block\">\r\n                <span>Departure<\/span>\r\n                <input type=\"text\" id=\"checkout\" class=\"bdatepicker\" title=\"Departure\">\r\n                <span class=\"checkout-month\"><\/span>\r\n            <\/div>\r\n            <div class=\"booking-block noborder\">\r\n                <span>how many<\/span>\r\n                <input type=\"text\" id=\"adults\" class=\"people\" value=\"2\" title=\"How many persons?\">\r\n                <span>guests<\/span>\r\n            <\/div>\r\n            <a href=\"https:\/\/bouk.io\/booking\/metsapuhkemaja\/609\/rooms\" class=\"btn btn-dark booking-button booking-block noborder\">Check availability<\/a>\r\n        <\/div>\r\n    <\/div> <!-- #booking -->\r\n        \n\n\n<div style=\"height:40px\" aria-hidden=\"true\" class=\"wp-block-spacer mobile-spacer-5\"><\/div>\n\n\n\n<p class=\"has-text-align-center has-medium-font-size\">Metsa Holiday House, located in the beautiful Tahkuranna in P\u00e4rnu County, is an ideal choice for families seeking a peaceful and seaside vacation. Our holiday house offers excellent opportunities for relaxation and adventure, while being conveniently close to several interesting destinations and activities.<\/p>\n\n\n\n<div style=\"height:40px\" aria-hidden=\"true\" class=\"wp-block-spacer mobile-spacer-5\"><\/div>\n\n\n\n<div class=\"wp-block-columns alignwide is-layout-flex wp-container-core-columns-is-layout-1 wp-block-columns-is-layout-flex\" style=\"padding-right:0;padding-left:0\">\n<div class=\"wp-block-column is-layout-flow wp-block-column-is-layout-flow\" style=\"padding-right:0;padding-left:0\">\n<figure class=\"wp-block-gallery has-nested-images columns-default is-cropped wp-block-gallery-1 is-layout-flex wp-block-gallery-is-layout-flex\">\n<figure class=\"wp-block-image size-large\"><a href=\"https:\/\/metsapuhkemaja.ee\/wp-content\/uploads\/2024\/06\/metsa_puhkemaja_kitchen-scaled.jpg\"><img loading=\"lazy\" decoding=\"async\" width=\"1024\" height=\"683\" src=\"https:\/\/metsapuhkemaja.ee\/wp-content\/uploads\/2024\/06\/metsa_puhkemaja_kitchen-1024x683.jpg\" alt=\"\" class=\"wp-image-69\" srcset=\"https:\/\/metsapuhkemaja.ee\/wp-content\/uploads\/2024\/06\/metsa_puhkemaja_kitchen-1024x683.jpg 1024w, https:\/\/metsapuhkemaja.ee\/wp-content\/uploads\/2024\/06\/metsa_puhkemaja_kitchen-300x200.jpg 300w, https:\/\/metsapuhkemaja.ee\/wp-content\/uploads\/2024\/06\/metsa_puhkemaja_kitchen-768x512.jpg 768w, https:\/\/metsapuhkemaja.ee\/wp-content\/uploads\/2024\/06\/metsa_puhkemaja_kitchen-1536x1025.jpg 1536w, https:\/\/metsapuhkemaja.ee\/wp-content\/uploads\/2024\/06\/metsa_puhkemaja_kitchen-2048x1366.jpg 2048w, https:\/\/metsapuhkemaja.ee\/wp-content\/uploads\/2024\/06\/metsa_puhkemaja_kitchen-1568x1046.jpg 1568w\" sizes=\"(max-width: 1024px) 100vw, 1024px\" \/><\/a><\/figure>\n<\/figure>\n<\/div>\n\n\n\n<div class=\"wp-block-column is-vertically-aligned-center is-layout-constrained wp-block-column-is-layout-constrained\" style=\"padding-right:var(--wp--preset--spacing--50);padding-left:var(--wp--preset--spacing--50)\">\n<p style=\"font-size:18px\">We wish you a pleasant and memorable stay at Metsa Holiday House. We look forward to welcoming you so you can enjoy the best that P\u00e4rnu County and Tahkuranna have to offer! Book your vacation today and discover the charms of Metsa Holiday House!<\/p>\n\n\n\n<ul style=\"padding-right:var(--wp--preset--spacing--40);padding-left:var(--wp--preset--spacing--40)\">\n<li>Total area: 110m\u00b2&nbsp;<\/li>\n\n\n\n<li>2 bedrooms with double beds and 1 bedroom with two single beds<\/li>\n\n\n\n<li>Loft accommodating 4 people with two double beds<\/li>\n\n\n\n<li>Kitchen equipped with everything for a comfortable vacation<\/li>\n\n\n\n<li>Shower room with sauna and 2 separate toilets&nbsp;<\/li>\n\n\n\n<li>Large terrace for relaxing and enjoying your time<\/li>\n<\/ul>\n\n\n\n<p><\/p>\n\n\n\n<div class=\"wp-block-buttons is-layout-flex wp-block-buttons-is-layout-flex\">\n<div class=\"wp-block-button\"><a class=\"wp-block-button__link wp-element-button\" href=\"https:\/\/bouk.io\/booking\/metsapuhkemaja\/609\/rooms?language=en&amp;adults=2&amp;nights=2\" target=\"_blank\" rel=\"noreferrer noopener\">BOOK<\/a><\/div>\n\n\n\n<div class=\"wp-block-button\"><a class=\"wp-block-button__link wp-element-button\" href=\"https:\/\/metsapuhkemaja.ee\/en\/gallery\/\">SEE THE GALLERY<\/a><\/div>\n<\/div>\n<\/div>\n<\/div>\n\n\n\n<div style=\"height:40px\" aria-hidden=\"true\" class=\"wp-block-spacer\"><\/div>\n\n\n\n<div class=\"wp-block-edhotels-content-on-image undefined alignfull\" style=\"min-height:400px\"><div class=\"image\"><img loading=\"lazy\" decoding=\"async\" width=\"1920\" height=\"1280\" src=\"https:\/\/metsapuhkemaja.ee\/wp-content\/uploads\/2024\/06\/253818-parnu-coastal-meadow-hiking-trail-web-version-1920px.jpg\" alt=\"\" class=\"grid-item wp-image-185\" style=\"object-position:30% 78%\" srcset=\"https:\/\/metsapuhkemaja.ee\/wp-content\/uploads\/2024\/06\/253818-parnu-coastal-meadow-hiking-trail-web-version-1920px.jpg 1920w, https:\/\/metsapuhkemaja.ee\/wp-content\/uploads\/2024\/06\/253818-parnu-coastal-meadow-hiking-trail-web-version-1920px-300x200.jpg 300w, https:\/\/metsapuhkemaja.ee\/wp-content\/uploads\/2024\/06\/253818-parnu-coastal-meadow-hiking-trail-web-version-1920px-1024x683.jpg 1024w, https:\/\/metsapuhkemaja.ee\/wp-content\/uploads\/2024\/06\/253818-parnu-coastal-meadow-hiking-trail-web-version-1920px-768x512.jpg 768w, https:\/\/metsapuhkemaja.ee\/wp-content\/uploads\/2024\/06\/253818-parnu-coastal-meadow-hiking-trail-web-version-1920px-1536x1024.jpg 1536w, https:\/\/metsapuhkemaja.ee\/wp-content\/uploads\/2024\/06\/253818-parnu-coastal-meadow-hiking-trail-web-version-1920px-1568x1045.jpg 1568w\" sizes=\"(max-width: 1920px) 100vw, 1920px\" \/><\/div><div class=\"content-wrapper\"><div class=\"outer-content right\"><div class=\"content-inner-block top\" style=\"background-color:#f2dcaef0;max-width:550px;margin:-28px 20px\">\n<h2 class=\"wp-block-heading has-text-color\" style=\"color:#1b3e2e\">What to do in P\u00e4rnu County?<\/h2>\n\n\n\n<p class=\"has-text-color\" style=\"color:#1b3e2e;font-size:18px\">In the summer, the city of P\u00e4rnu awaits you with its beautiful beach and vibrant summer life. Just a short drive away is Lottemaa, the largest theme park in the Baltics, offering fun experiences for the whole family. Additionally, you can explore the beautiful spots along the Romantic Coastline, enjoy the enchanting nature trails of P\u00e4rnu County, or participate in various sports activities at J\u00f5ulum\u00e4e.<\/p>\n\n\n\n<div class=\"wp-block-button\"><a class=\"wp-block-button__link wp-element-button\" href=\"https:\/\/metsapuhkemaja.ee\/en\/what-to-do-in-parnu-county\/\">READ MORE<\/a><\/div>\n<\/div><\/div><\/div><\/div>\n\n\n\n<div style=\"height:40px\" aria-hidden=\"true\" class=\"wp-block-spacer\"><\/div>\n\n\n\n<h2 class=\"wp-block-heading has-text-align-center\">LOCATION ON THE MAP<\/h2>\n\n\n\n<hr class=\"wp-block-separator has-text-color has-alpha-channel-opacity has-background is-style-default\" style=\"background-color:#b37817;color:#b37817\"\/>\n\n\n\n<div class=\"wp-block-columns alignwide is-layout-flex wp-container-core-columns-is-layout-2 wp-block-columns-is-layout-flex\">\n<div class=\"wp-block-column is-layout-flow wp-block-column-is-layout-flow\">\n<iframe src=\"https:\/\/www.google.com\/maps\/embed?pb=!1m18!1m12!1m3!1d2100.85039146296!2d24.486020112655233!3d58.22715759864376!2m3!1f0!2f0!3f0!3m2!1i1024!2i768!4f13.1!3m3!1m2!1s0x46ecf99d91487593%3A0x331da10c17332adc!2sMetsa%20Puhkemaja!5e0!3m2!1set!2see!4v1719346818866!5m2!1set!2see\" width=\"100%\" height=\"450\" style=\"border:0;\" allowfullscreen=\"\" loading=\"lazy\" referrerpolicy=\"no-referrer-when-downgrade\"><\/iframe>\n<\/div>\n<\/div>\n\n\n\n<div style=\"height:40px\" aria-hidden=\"true\" class=\"wp-block-spacer\"><\/div>\n","protected":false},"excerpt":{"rendered":"<p>Metsa Holiday House, located in the beautiful Tahkuranna in P\u00e4rnu County, is an ideal choice for families seeking a peaceful and seaside vacation. Our holiday house offers excellent opportunities for relaxation and adventure, while being conveniently close to several interesting destinations and activities. We wish you a pleasant and memorable stay at Metsa Holiday House. [&hellip;]<\/p>\n","protected":false},"author":1,"featured_media":0,"parent":0,"menu_order":0,"comment_status":"closed","ping_status":"closed","template":"","meta":{"footnotes":""},"yoast_head":"<!-- This site is optimized with the Yoast SEO plugin v23.0 - https:\/\/yoast.com\/wordpress\/plugins\/seo\/ -->\n<title>Home | Metsapuhkemaja<\/title>\n<meta name=\"robots\" content=\"index, follow, max-snippet:-1, max-image-preview:large, max-video-preview:-1\" \/>\n<link rel=\"canonical\" href=\"https:\/\/metsapuhkemaja.ee\/en\/\" \/>\n<meta property=\"og:locale\" content=\"en_US\" \/>\n<meta property=\"og:type\" content=\"article\" \/>\n<meta property=\"og:title\" content=\"Home | Metsapuhkemaja\" \/>\n<meta property=\"og:description\" content=\"Metsa Holiday House, located in the beautiful Tahkuranna in P\u00e4rnu County, is an ideal choice for families seeking a peaceful and seaside vacation. Our holiday house offers excellent opportunities for relaxation and adventure, while being conveniently close to several interesting destinations and activities. We wish you a pleasant and memorable stay at Metsa Holiday House. [&hellip;]\" \/>\n<meta property=\"og:url\" content=\"https:\/\/metsapuhkemaja.ee\/en\/\" \/>\n<meta property=\"og:site_name\" content=\"Metsapuhkemaja\" \/>\n<meta property=\"article:modified_time\" content=\"2024-07-02T09:23:43+00:00\" \/>\n<meta property=\"og:image\" content=\"https:\/\/metsapuhkemaja.ee\/wp-content\/uploads\/2024\/06\/metsa_puhkemaja_Tahkurannas-scaled.jpg\" \/>\n<meta name=\"twitter:card\" content=\"summary_large_image\" \/>\n<meta name=\"twitter:label1\" content=\"Est. reading time\" \/>\n\t<meta name=\"twitter:data1\" content=\"1 minute\" \/>\n<script type=\"application\/ld+json\" class=\"yoast-schema-graph\">{\"@context\":\"https:\/\/schema.org\",\"@graph\":[{\"@type\":\"WebPage\",\"@id\":\"https:\/\/metsapuhkemaja.ee\/en\/\",\"url\":\"https:\/\/metsapuhkemaja.ee\/en\/\",\"name\":\"Home | Metsapuhkemaja\",\"isPartOf\":{\"@id\":\"https:\/\/metsapuhkemaja.ee\/#website\"},\"primaryImageOfPage\":{\"@id\":\"https:\/\/metsapuhkemaja.ee\/en\/#primaryimage\"},\"image\":{\"@id\":\"https:\/\/metsapuhkemaja.ee\/en\/#primaryimage\"},\"thumbnailUrl\":\"https:\/\/metsapuhkemaja.ee\/wp-content\/uploads\/2024\/06\/metsa_puhkemaja_Tahkurannas-scaled.jpg\",\"datePublished\":\"2024-06-19T10:30:43+00:00\",\"dateModified\":\"2024-07-02T09:23:43+00:00\",\"breadcrumb\":{\"@id\":\"https:\/\/metsapuhkemaja.ee\/en\/#breadcrumb\"},\"inLanguage\":\"en-US\",\"potentialAction\":[{\"@type\":\"ReadAction\",\"target\":[\"https:\/\/metsapuhkemaja.ee\/en\/\"]}]},{\"@type\":\"ImageObject\",\"inLanguage\":\"en-US\",\"@id\":\"https:\/\/metsapuhkemaja.ee\/en\/#primaryimage\",\"url\":\"https:\/\/metsapuhkemaja.ee\/wp-content\/uploads\/2024\/06\/metsa_puhkemaja_Tahkurannas-scaled.jpg\",\"contentUrl\":\"https:\/\/metsapuhkemaja.ee\/wp-content\/uploads\/2024\/06\/metsa_puhkemaja_Tahkurannas-scaled.jpg\"},{\"@type\":\"BreadcrumbList\",\"@id\":\"https:\/\/metsapuhkemaja.ee\/en\/#breadcrumb\",\"itemListElement\":[{\"@type\":\"ListItem\",\"position\":1,\"name\":\"Home\",\"item\":\"https:\/\/metsapuhkemaja.ee\/en\/\"},{\"@type\":\"ListItem\",\"position\":2,\"name\":\"Home\"}]},{\"@type\":\"WebSite\",\"@id\":\"https:\/\/metsapuhkemaja.ee\/#website\",\"url\":\"https:\/\/metsapuhkemaja.ee\/\",\"name\":\"Metsapuhkemaja\",\"description\":\"\",\"potentialAction\":[{\"@type\":\"SearchAction\",\"target\":{\"@type\":\"EntryPoint\",\"urlTemplate\":\"https:\/\/metsapuhkemaja.ee\/?s={search_term_string}\"},\"query-input\":\"required name=search_term_string\"}],\"inLanguage\":\"en-US\"}]}<\/script>\n<!-- \/ Yoast SEO plugin. -->","yoast_head_json":{"title":"Home | Metsapuhkemaja","robots":{"index":"index","follow":"follow","max-snippet":"max-snippet:-1","max-image-preview":"max-image-preview:large","max-video-preview":"max-video-preview:-1"},"canonical":"https:\/\/metsapuhkemaja.ee\/en\/","og_locale":"en_US","og_type":"article","og_title":"Home | Metsapuhkemaja","og_description":"Metsa Holiday House, located in the beautiful Tahkuranna in P\u00e4rnu County, is an ideal choice for families seeking a peaceful and seaside vacation. Our holiday house offers excellent opportunities for relaxation and adventure, while being conveniently close to several interesting destinations and activities. We wish you a pleasant and memorable stay at Metsa Holiday House. [&hellip;]","og_url":"https:\/\/metsapuhkemaja.ee\/en\/","og_site_name":"Metsapuhkemaja","article_modified_time":"2024-07-02T09:23:43+00:00","og_image":[{"url":"https:\/\/metsapuhkemaja.ee\/wp-content\/uploads\/2024\/06\/metsa_puhkemaja_Tahkurannas-scaled.jpg"}],"twitter_card":"summary_large_image","twitter_misc":{"Est. reading time":"1 minute"},"schema":{"@context":"https:\/\/schema.org","@graph":[{"@type":"WebPage","@id":"https:\/\/metsapuhkemaja.ee\/en\/","url":"https:\/\/metsapuhkemaja.ee\/en\/","name":"Home | Metsapuhkemaja","isPartOf":{"@id":"https:\/\/metsapuhkemaja.ee\/#website"},"primaryImageOfPage":{"@id":"https:\/\/metsapuhkemaja.ee\/en\/#primaryimage"},"image":{"@id":"https:\/\/metsapuhkemaja.ee\/en\/#primaryimage"},"thumbnailUrl":"https:\/\/metsapuhkemaja.ee\/wp-content\/uploads\/2024\/06\/metsa_puhkemaja_Tahkurannas-scaled.jpg","datePublished":"2024-06-19T10:30:43+00:00","dateModified":"2024-07-02T09:23:43+00:00","breadcrumb":{"@id":"https:\/\/metsapuhkemaja.ee\/en\/#breadcrumb"},"inLanguage":"en-US","potentialAction":[{"@type":"ReadAction","target":["https:\/\/metsapuhkemaja.ee\/en\/"]}]},{"@type":"ImageObject","inLanguage":"en-US","@id":"https:\/\/metsapuhkemaja.ee\/en\/#primaryimage","url":"https:\/\/metsapuhkemaja.ee\/wp-content\/uploads\/2024\/06\/metsa_puhkemaja_Tahkurannas-scaled.jpg","contentUrl":"https:\/\/metsapuhkemaja.ee\/wp-content\/uploads\/2024\/06\/metsa_puhkemaja_Tahkurannas-scaled.jpg"},{"@type":"BreadcrumbList","@id":"https:\/\/metsapuhkemaja.ee\/en\/#breadcrumb","itemListElement":[{"@type":"ListItem","position":1,"name":"Home","item":"https:\/\/metsapuhkemaja.ee\/en\/"},{"@type":"ListItem","position":2,"name":"Home"}]},{"@type":"WebSite","@id":"https:\/\/metsapuhkemaja.ee\/#website","url":"https:\/\/metsapuhkemaja.ee\/","name":"Metsapuhkemaja","description":"","potentialAction":[{"@type":"SearchAction","target":{"@type":"EntryPoint","urlTemplate":"https:\/\/metsapuhkemaja.ee\/?s={search_term_string}"},"query-input":"required name=search_term_string"}],"inLanguage":"en-US"}]}},"_links":{"self":[{"href":"https:\/\/metsapuhkemaja.ee\/en\/wp-json\/wp\/v2\/pages\/226"}],"collection":[{"href":"https:\/\/metsapuhkemaja.ee\/en\/wp-json\/wp\/v2\/pages"}],"about":[{"href":"https:\/\/metsapuhkemaja.ee\/en\/wp-json\/wp\/v2\/types\/page"}],"author":[{"embeddable":true,"href":"https:\/\/metsapuhkemaja.ee\/en\/wp-json\/wp\/v2\/users\/1"}],"replies":[{"embeddable":true,"href":"https:\/\/metsapuhkemaja.ee\/en\/wp-json\/wp\/v2\/comments?post=226"}],"version-history":[{"count":5,"href":"https:\/\/metsapuhkemaja.ee\/en\/wp-json\/wp\/v2\/pages\/226\/revisions"}],"predecessor-version":[{"id":248,"href":"https:\/\/metsapuhkemaja.ee\/en\/wp-json\/wp\/v2\/pages\/226\/revisions\/248"}],"wp:attachment":[{"href":"https:\/\/metsapuhkemaja.ee\/en\/wp-json\/wp\/v2\/media?parent=226"}],"curies":[{"name":"wp","href":"https:\/\/api.w.org\/{rel}","templated":true}]}}